{"id":6,"date":"2023-03-30T12:12:52","date_gmt":"2023-03-30T12:12:52","guid":{"rendered":"https:\/\/www.marketingconsulting.top\/?page_id=6"},"modified":"2025-05-15T17:50:02","modified_gmt":"2025-05-15T17:50:02","slug":"home","status":"publish","type":"page","link":"https:\/\/www.marketingconsulting.top\/","title":{"rendered":"Elementor #6"},"content":{"rendered":"\t\t<div data-elementor-type=\"wp-page\" data-elementor-id=\"6\" class=\"elementor elementor-6\">\n\t\t\t\t\t\t<section class=\"elementor-section elementor-top-section elementor-element elementor-element-2c538e2f elementor-section-height-min-height elementor-section-boxed elementor-section-height-default elementor-section-items-middle\" data-id=\"2c538e2f\" data-element_type=\"section\" data-settings=\"{&quot;background_background&quot;:&quot;gradient&quot;,&quot;shape_divider_bottom&quot;:&quot;waves&quot;}\">\n\t\t\t\t\t\t\t<div class=\"elementor-background-overlay\"><\/div>\n\t\t\t\t\t\t<div class=\"elementor-shape elementor-shape-bottom\" data-negative=\"false\">\n\t\t\t<svg xmlns=\"http:\/\/www.w3.org\/2000\/svg\" viewBox=\"0 0 1000 100\" preserveAspectRatio=\"none\">\n\t<path class=\"elementor-shape-fill\" d=\"M421.9,6.5c22.6-2.5,51.5,0.4,75.5,5.3c23.6,4.9,70.9,23.5,100.5,35.7c75.8,32.2,133.7,44.5,192.6,49.7\n\tc23.6,2.1,48.7,3.5,103.4-2.5c54.7-6,106.2-25.6,106.2-25.6V0H0v30.3c0,0,72,32.6,158.4,30.5c39.2-0.7,92.8-6.7,134-22.4\n\tc21.2-8.1,52.2-18.2,79.7-24.2C399.3,7.9,411.6,7.5,421.9,6.5z\"\/>\n<\/svg>\t\t<\/div>\n\t\t\t\t\t<div class=\"elementor-container elementor-column-gap-default\">\n\t\t\t\t\t<div class=\"elementor-column elementor-col-50 elementor-top-column elementor-element elementor-element-412a7ff0\" data-id=\"412a7ff0\" data-element_type=\"column\">\n\t\t\t<div class=\"elementor-widget-wrap elementor-element-populated\">\n\t\t\t\t\t\t<div class=\"elementor-element elementor-element-20ba5878 elementor-widget elementor-widget-heading\" data-id=\"20ba5878\" data-element_type=\"widget\" data-widget_type=\"heading.default\">\n\t\t\t\t<div class=\"elementor-widget-container\">\n\t\t\t\t\t<h3 class=\"elementor-heading-title elementor-size-default\">MarketingConsulting<\/h3>\t\t\t\t<\/div>\n\t\t\t\t<\/div>\n\t\t\t\t<div class=\"elementor-element elementor-element-5115d376 elementor-widget elementor-widget-heading\" data-id=\"5115d376\" data-element_type=\"widget\" data-widget_type=\"heading.default\">\n\t\t\t\t<div class=\"elementor-widget-container\">\n\t\t\t\t\t<h1 class=\"elementor-heading-title elementor-size-default\">Soluciones Integrales de Marketing digital<\/h1>\t\t\t\t<\/div>\n\t\t\t\t<\/div>\n\t\t\t\t<div class=\"elementor-element elementor-element-23eb55cb elementor-widget elementor-widget-text-editor\" data-id=\"23eb55cb\" data-element_type=\"widget\" data-widget_type=\"text-editor.default\">\n\t\t\t\t<div class=\"elementor-widget-container\">\n\t\t\t\t\t\t\t\t\t<p>Reserva un estudio de marketing de tu negocio o proyecto online y recibe el paso a paso accionable para que t\u00fa mismo puedas implementarlo de manera sencilla.<\/p>\t\t\t\t\t\t\t\t<\/div>\n\t\t\t\t<\/div>\n\t\t\t\t<div class=\"elementor-element elementor-element-2059285c elementor-mobile-align-center elementor-widget elementor-widget-button\" data-id=\"2059285c\" data-element_type=\"widget\" data-widget_type=\"button.default\">\n\t\t\t\t<div class=\"elementor-widget-container\">\n\t\t\t\t\t\t\t\t\t<div class=\"elementor-button-wrapper\">\n\t\t\t\t\t<a class=\"elementor-button elementor-button-link elementor-size-md\" href=\"https:\/\/calendly.com\/marketingconsultingtop\/asesoria\">\n\t\t\t\t\t\t<span class=\"elementor-button-content-wrapper\">\n\t\t\t\t\t\t\t\t\t<span class=\"elementor-button-text\">\u00a1Agenda una consultor\u00eda aqu\u00ed!<\/span>\n\t\t\t\t\t<\/span>\n\t\t\t\t\t<\/a>\n\t\t\t\t<\/div>\n\t\t\t\t\t\t\t\t<\/div>\n\t\t\t\t<\/div>\n\t\t\t\t<div class=\"elementor-element elementor-element-34402ebb elementor-widget__width-initial elementor-fixed elementor-widget elementor-widget-button\" data-id=\"34402ebb\" data-element_type=\"widget\" data-settings=\"{&quot;_position&quot;:&quot;fixed&quot;}\" data-widget_type=\"button.default\">\n\t\t\t\t<div class=\"elementor-widget-container\">\n\t\t\t\t\t\t\t\t\t<div class=\"elementor-button-wrapper\">\n\t\t\t\t\t<a class=\"elementor-button elementor-button-link elementor-size-md\" href=\"mailto:contacto@marketingconsulting.top\">\n\t\t\t\t\t\t<span class=\"elementor-button-content-wrapper\">\n\t\t\t\t\t\t<span class=\"elementor-button-icon\">\n\t\t\t\t<i aria-hidden=\"true\" class=\"fas fa-envelope\"><\/i>\t\t\t<\/span>\n\t\t\t\t\t\t\t\t<\/span>\n\t\t\t\t\t<\/a>\n\t\t\t\t<\/div>\n\t\t\t\t\t\t\t\t<\/div>\n\t\t\t\t<\/div>\n\t\t\t\t\t<\/div>\n\t\t<\/div>\n\t\t\t\t<div class=\"elementor-column elementor-col-50 elementor-top-column elementor-element elementor-element-7565a2ad\" data-id=\"7565a2ad\" data-element_type=\"column\">\n\t\t\t<div class=\"elementor-widget-wrap elementor-element-populated\">\n\t\t\t\t\t\t<div class=\"elementor-element elementor-element-6cb022a elementor-widget elementor-widget-image\" data-id=\"6cb022a\" data-element_type=\"widget\" data-settings=\"{&quot;_animation&quot;:&quot;none&quot;}\" data-widget_type=\"image.default\">\n\t\t\t\t<div class=\"elementor-widget-container\">\n\t\t\t\t\t\t\t\t\t\t\t\t\t\t\t<img fetchpriority=\"high\" decoding=\"async\" width=\"539\" height=\"539\" src=\"https:\/\/www.marketingconsulting.top\/wp-content\/uploads\/2023\/03\/Hero-Home-page-new.png\" class=\"attachment-full size-full wp-image-15\" alt=\"\" srcset=\"https:\/\/www.marketingconsulting.top\/wp-content\/uploads\/2023\/03\/Hero-Home-page-new.png 539w, https:\/\/www.marketingconsulting.top\/wp-content\/uploads\/2023\/03\/Hero-Home-page-new-300x300.png 300w, https:\/\/www.marketingconsulting.top\/wp-content\/uploads\/2023\/03\/Hero-Home-page-new-150x150.png 150w\" sizes=\"(max-width: 539px) 100vw, 539px\" \/>\t\t\t\t\t\t\t\t\t\t\t\t\t\t\t<\/div>\n\t\t\t\t<\/div>\n\t\t\t\t\t<\/div>\n\t\t<\/div>\n\t\t\t\t\t<\/div>\n\t\t<\/section>\n\t\t\t\t<section class=\"elementor-section elementor-top-section elementor-element elementor-element-5361ffe6 elementor-section-boxed elementor-section-height-default elementor-section-height-default\" data-id=\"5361ffe6\" data-element_type=\"section\">\n\t\t\t\t\t\t<div class=\"elementor-container elementor-column-gap-default\">\n\t\t\t\t\t<div class=\"elementor-column elementor-col-100 elementor-top-column elementor-element elementor-element-1f14c654\" data-id=\"1f14c654\" data-element_type=\"column\">\n\t\t\t<div class=\"elementor-widget-wrap elementor-element-populated\">\n\t\t\t\t\t\t<div class=\"elementor-element elementor-element-2b5ffbad elementor-widget elementor-widget-menu-anchor\" data-id=\"2b5ffbad\" data-element_type=\"widget\" data-widget_type=\"menu-anchor.default\">\n\t\t\t\t<div class=\"elementor-widget-container\">\n\t\t\t\t\t\t\t<div class=\"elementor-menu-anchor\" id=\"about\"><\/div>\n\t\t\t\t\t\t<\/div>\n\t\t\t\t<\/div>\n\t\t\t\t\t<\/div>\n\t\t<\/div>\n\t\t\t\t\t<\/div>\n\t\t<\/section>\n\t\t\t\t<section class=\"elementor-section elementor-top-section elementor-element elementor-element-20e02c08 elementor-section-height-min-height elementor-reverse-mobile elementor-reverse-tablet elementor-section-boxed elementor-section-height-default elementor-section-items-middle\" data-id=\"20e02c08\" data-element_type=\"section\" data-settings=\"{&quot;background_background&quot;:&quot;classic&quot;}\">\n\t\t\t\t\t\t\t<div class=\"elementor-background-overlay\"><\/div>\n\t\t\t\t\t\t\t<div class=\"elementor-container elementor-column-gap-default\">\n\t\t\t\t\t<div class=\"elementor-column elementor-col-50 elementor-top-column elementor-element elementor-element-3734ab6f\" data-id=\"3734ab6f\" data-element_type=\"column\">\n\t\t\t<div class=\"elementor-widget-wrap elementor-element-populated\">\n\t\t\t\t\t\t<div class=\"elementor-element elementor-element-67283e7b elementor-widget elementor-widget-image\" data-id=\"67283e7b\" data-element_type=\"widget\" data-widget_type=\"image.default\">\n\t\t\t\t<div class=\"elementor-widget-container\">\n\t\t\t\t\t\t\t\t\t\t\t\t\t\t\t<img decoding=\"async\" width=\"539\" height=\"539\" src=\"https:\/\/www.marketingconsulting.top\/wp-content\/uploads\/2023\/03\/Intro-Home-page-new.png\" class=\"attachment-full size-full wp-image-17\" alt=\"\" srcset=\"https:\/\/www.marketingconsulting.top\/wp-content\/uploads\/2023\/03\/Intro-Home-page-new.png 539w, https:\/\/www.marketingconsulting.top\/wp-content\/uploads\/2023\/03\/Intro-Home-page-new-300x300.png 300w, https:\/\/www.marketingconsulting.top\/wp-content\/uploads\/2023\/03\/Intro-Home-page-new-150x150.png 150w\" sizes=\"(max-width: 539px) 100vw, 539px\" \/>\t\t\t\t\t\t\t\t\t\t\t\t\t\t\t<\/div>\n\t\t\t\t<\/div>\n\t\t\t\t\t<\/div>\n\t\t<\/div>\n\t\t\t\t<div class=\"elementor-column elementor-col-50 elementor-top-column elementor-element elementor-element-403deadc\" data-id=\"403deadc\" data-element_type=\"column\">\n\t\t\t<div class=\"elementor-widget-wrap elementor-element-populated\">\n\t\t\t\t\t\t<div class=\"elementor-element elementor-element-c17fd84 elementor-widget elementor-widget-heading\" data-id=\"c17fd84\" data-element_type=\"widget\" data-widget_type=\"heading.default\">\n\t\t\t\t<div class=\"elementor-widget-container\">\n\t\t\t\t\t<h3 class=\"elementor-heading-title elementor-size-default\">Optimiza tu marketing con nuestro asesoramiento<\/h3>\t\t\t\t<\/div>\n\t\t\t\t<\/div>\n\t\t\t\t<div class=\"elementor-element elementor-element-2b1ace8a elementor-widget elementor-widget-heading\" data-id=\"2b1ace8a\" data-element_type=\"widget\" data-widget_type=\"heading.default\">\n\t\t\t\t<div class=\"elementor-widget-container\">\n\t\t\t\t\t<h2 class=\"elementor-heading-title elementor-size-default\">Te ayudamos a impulsar tu estrategia mediante una consultor\u00eda<\/h2>\t\t\t\t<\/div>\n\t\t\t\t<\/div>\n\t\t\t\t<div class=\"elementor-element elementor-element-5ea72b86 elementor-widget elementor-widget-text-editor\" data-id=\"5ea72b86\" data-element_type=\"widget\" data-widget_type=\"text-editor.default\">\n\t\t\t\t<div class=\"elementor-widget-container\">\n\t\t\t\t\t\t\t\t\t<p>Es sencillo: Agendas tu consultor\u00eda v\u00eda Zoom y nosotros nos ponemos manos a la obra para ofrecerte todo nuestro conocimiento de forma que puedas implementarlo de la forma que m\u00e1s se ajuste a tus necesidades.<\/p>\t\t\t\t\t\t\t\t<\/div>\n\t\t\t\t<\/div>\n\t\t\t\t<div class=\"elementor-element elementor-element-1fb1e7de elementor-mobile-align-center elementor-widget elementor-widget-button\" data-id=\"1fb1e7de\" data-element_type=\"widget\" data-widget_type=\"button.default\">\n\t\t\t\t<div class=\"elementor-widget-container\">\n\t\t\t\t\t\t\t\t\t<div class=\"elementor-button-wrapper\">\n\t\t\t\t\t<a class=\"elementor-button elementor-button-link elementor-size-md\" href=\"https:\/\/calendly.com\/marketingconsultingtop\/asesoria\">\n\t\t\t\t\t\t<span class=\"elementor-button-content-wrapper\">\n\t\t\t\t\t\t\t\t\t<span class=\"elementor-button-text\">\u00a1Agenda tu consultor\u00eda aqu\u00ed!<\/span>\n\t\t\t\t\t<\/span>\n\t\t\t\t\t<\/a>\n\t\t\t\t<\/div>\n\t\t\t\t\t\t\t\t<\/div>\n\t\t\t\t<\/div>\n\t\t\t\t\t<\/div>\n\t\t<\/div>\n\t\t\t\t\t<\/div>\n\t\t<\/section>\n\t\t\t\t<section class=\"elementor-section elementor-top-section elementor-element elementor-element-3f384ebc elementor-section-boxed elementor-section-height-default elementor-section-height-default\" data-id=\"3f384ebc\" data-element_type=\"section\" data-settings=\"{&quot;background_background&quot;:&quot;classic&quot;}\">\n\t\t\t\t\t\t\t<div class=\"elementor-background-overlay\"><\/div>\n\t\t\t\t\t\t\t<div class=\"elementor-container elementor-column-gap-default\">\n\t\t\t\t\t<div class=\"elementor-column elementor-col-100 elementor-top-column elementor-element elementor-element-324b8b6a\" data-id=\"324b8b6a\" data-element_type=\"column\">\n\t\t\t<div class=\"elementor-widget-wrap elementor-element-populated\">\n\t\t\t\t\t\t<section class=\"elementor-section elementor-inner-section elementor-element elementor-element-6cfe7d9a elementor-section-boxed elementor-section-height-default elementor-section-height-default\" data-id=\"6cfe7d9a\" data-element_type=\"section\">\n\t\t\t\t\t\t<div class=\"elementor-container elementor-column-gap-default\">\n\t\t\t\t\t<div class=\"elementor-column elementor-col-100 elementor-inner-column elementor-element elementor-element-2bf4c879\" data-id=\"2bf4c879\" data-element_type=\"column\">\n\t\t\t<div class=\"elementor-widget-wrap elementor-element-populated\">\n\t\t\t\t\t\t<div class=\"elementor-element elementor-element-39f9805b elementor-widget elementor-widget-heading\" data-id=\"39f9805b\" data-element_type=\"widget\" data-widget_type=\"heading.default\">\n\t\t\t\t<div class=\"elementor-widget-container\">\n\t\t\t\t\t<h3 class=\"elementor-heading-title elementor-size-default\">Asesoramiento profesional<\/h3>\t\t\t\t<\/div>\n\t\t\t\t<\/div>\n\t\t\t\t<div class=\"elementor-element elementor-element-4823a4b0 elementor-widget elementor-widget-heading\" data-id=\"4823a4b0\" data-element_type=\"widget\" data-widget_type=\"heading.default\">\n\t\t\t\t<div class=\"elementor-widget-container\">\n\t\t\t\t\t<h2 class=\"elementor-heading-title elementor-size-default\">\u00bfC\u00f3mo podemos ayudarte?<\/h2>\t\t\t\t<\/div>\n\t\t\t\t<\/div>\n\t\t\t\t\t<\/div>\n\t\t<\/div>\n\t\t\t\t\t<\/div>\n\t\t<\/section>\n\t\t\t\t<section class=\"elementor-section elementor-inner-section elementor-element elementor-element-366316c2 elementor-section-boxed elementor-section-height-default elementor-section-height-default\" data-id=\"366316c2\" data-element_type=\"section\">\n\t\t\t\t\t\t<div class=\"elementor-container elementor-column-gap-default\">\n\t\t\t\t\t<div class=\"elementor-column elementor-col-33 elementor-inner-column elementor-element elementor-element-730dd05a\" data-id=\"730dd05a\" data-element_type=\"column\" data-settings=\"{&quot;background_background&quot;:&quot;classic&quot;}\">\n\t\t\t<div class=\"elementor-widget-wrap elementor-element-populated\">\n\t\t\t\t\t\t<div class=\"elementor-element elementor-element-63a58c86 elementor-position-top elementor-widget elementor-widget-image-box\" data-id=\"63a58c86\" data-element_type=\"widget\" data-widget_type=\"image-box.default\">\n\t\t\t\t<div class=\"elementor-widget-container\">\n\t\t\t\t\t<div class=\"elementor-image-box-wrapper\"><figure class=\"elementor-image-box-img\"><img decoding=\"async\" width=\"500\" height=\"440\" src=\"https:\/\/www.marketingconsulting.top\/wp-content\/uploads\/2023\/03\/Group-21.png\" class=\"attachment-full size-full wp-image-22\" alt=\"\" srcset=\"https:\/\/www.marketingconsulting.top\/wp-content\/uploads\/2023\/03\/Group-21.png 500w, https:\/\/www.marketingconsulting.top\/wp-content\/uploads\/2023\/03\/Group-21-300x264.png 300w\" sizes=\"(max-width: 500px) 100vw, 500px\" \/><\/figure><div class=\"elementor-image-box-content\"><h3 class=\"elementor-image-box-title\">asesoramiento estrat\u00e9gico<\/h3><p class=\"elementor-image-box-description\">A trav\u00e9s de una sesi\u00f3n v\u00eda Zoom estableceremos una estrategia de marketing.<\/p><\/div><\/div>\t\t\t\t<\/div>\n\t\t\t\t<\/div>\n\t\t\t\t\t<\/div>\n\t\t<\/div>\n\t\t\t\t<div class=\"elementor-column elementor-col-33 elementor-inner-column elementor-element elementor-element-3223bea2\" data-id=\"3223bea2\" data-element_type=\"column\" data-settings=\"{&quot;background_background&quot;:&quot;classic&quot;}\">\n\t\t\t<div class=\"elementor-widget-wrap elementor-element-populated\">\n\t\t\t\t\t\t<div class=\"elementor-element elementor-element-abe4ff6 elementor-position-top elementor-widget elementor-widget-image-box\" data-id=\"abe4ff6\" data-element_type=\"widget\" data-widget_type=\"image-box.default\">\n\t\t\t\t<div class=\"elementor-widget-container\">\n\t\t\t\t\t<div class=\"elementor-image-box-wrapper\"><figure class=\"elementor-image-box-img\"><img loading=\"lazy\" decoding=\"async\" width=\"500\" height=\"440\" src=\"https:\/\/www.marketingconsulting.top\/wp-content\/uploads\/2023\/03\/Group-20.png\" class=\"attachment-full size-full wp-image-23\" alt=\"\" srcset=\"https:\/\/www.marketingconsulting.top\/wp-content\/uploads\/2023\/03\/Group-20.png 500w, https:\/\/www.marketingconsulting.top\/wp-content\/uploads\/2023\/03\/Group-20-300x264.png 300w\" sizes=\"(max-width: 500px) 100vw, 500px\" \/><\/figure><div class=\"elementor-image-box-content\"><h3 class=\"elementor-image-box-title\">Asesoramiento en marketing digital<\/h3><p class=\"elementor-image-box-description\">Te ofrecemos claridad a trav\u00e9s de una sesi\u00f3n v\u00eda Zoom sobre tu estrategia de captaci\u00f3n global.<\/p><\/div><\/div>\t\t\t\t<\/div>\n\t\t\t\t<\/div>\n\t\t\t\t\t<\/div>\n\t\t<\/div>\n\t\t\t\t<div class=\"elementor-column elementor-col-33 elementor-inner-column elementor-element elementor-element-30a7b251\" data-id=\"30a7b251\" data-element_type=\"column\" data-settings=\"{&quot;background_background&quot;:&quot;classic&quot;}\">\n\t\t\t<div class=\"elementor-widget-wrap elementor-element-populated\">\n\t\t\t\t\t\t<div class=\"elementor-element elementor-element-5f0c5e11 elementor-position-top elementor-widget elementor-widget-image-box\" data-id=\"5f0c5e11\" data-element_type=\"widget\" data-widget_type=\"image-box.default\">\n\t\t\t\t<div class=\"elementor-widget-container\">\n\t\t\t\t\t<div class=\"elementor-image-box-wrapper\"><figure class=\"elementor-image-box-img\"><img loading=\"lazy\" decoding=\"async\" width=\"500\" height=\"434\" src=\"https:\/\/www.marketingconsulting.top\/wp-content\/uploads\/2023\/03\/content-icon-new.png\" class=\"attachment-full size-full wp-image-24\" alt=\"\" srcset=\"https:\/\/www.marketingconsulting.top\/wp-content\/uploads\/2023\/03\/content-icon-new.png 500w, https:\/\/www.marketingconsulting.top\/wp-content\/uploads\/2023\/03\/content-icon-new-300x260.png 300w\" sizes=\"(max-width: 500px) 100vw, 500px\" \/><\/figure><div class=\"elementor-image-box-content\"><h3 class=\"elementor-image-box-title\">Asesoramiento en marketing de contenidos<\/h3><p class=\"elementor-image-box-description\">Te proporcionamos asesor\u00edas v\u00eda Zoom sobre tu estrategia de contenidos.<\/p><\/div><\/div>\t\t\t\t<\/div>\n\t\t\t\t<\/div>\n\t\t\t\t\t<\/div>\n\t\t<\/div>\n\t\t\t\t\t<\/div>\n\t\t<\/section>\n\t\t\t\t\t<\/div>\n\t\t<\/div>\n\t\t\t\t\t<\/div>\n\t\t<\/section>\n\t\t\t\t<section class=\"elementor-section elementor-top-section elementor-element elementor-element-fc85cbb elementor-section-boxed elementor-section-height-default elementor-section-height-default\" data-id=\"fc85cbb\" data-element_type=\"section\" data-settings=\"{&quot;background_background&quot;:&quot;gradient&quot;,&quot;shape_divider_top&quot;:&quot;waves&quot;}\">\n\t\t\t\t\t\t\t<div class=\"elementor-background-overlay\"><\/div>\n\t\t\t\t\t\t<div class=\"elementor-shape elementor-shape-top\" data-negative=\"false\">\n\t\t\t<svg xmlns=\"http:\/\/www.w3.org\/2000\/svg\" viewBox=\"0 0 1000 100\" preserveAspectRatio=\"none\">\n\t<path class=\"elementor-shape-fill\" d=\"M421.9,6.5c22.6-2.5,51.5,0.4,75.5,5.3c23.6,4.9,70.9,23.5,100.5,35.7c75.8,32.2,133.7,44.5,192.6,49.7\n\tc23.6,2.1,48.7,3.5,103.4-2.5c54.7-6,106.2-25.6,106.2-25.6V0H0v30.3c0,0,72,32.6,158.4,30.5c39.2-0.7,92.8-6.7,134-22.4\n\tc21.2-8.1,52.2-18.2,79.7-24.2C399.3,7.9,411.6,7.5,421.9,6.5z\"\/>\n<\/svg>\t\t<\/div>\n\t\t\t\t\t<div class=\"elementor-container elementor-column-gap-default\">\n\t\t\t\t\t<div class=\"elementor-column elementor-col-50 elementor-top-column elementor-element elementor-element-643dbffa\" data-id=\"643dbffa\" data-element_type=\"column\">\n\t\t\t<div class=\"elementor-widget-wrap elementor-element-populated\">\n\t\t\t\t\t\t<div class=\"elementor-element elementor-element-27f59c elementor-widget elementor-widget-heading\" data-id=\"27f59c\" data-element_type=\"widget\" data-widget_type=\"heading.default\">\n\t\t\t\t<div class=\"elementor-widget-container\">\n\t\t\t\t\t<h4 class=\"elementor-heading-title elementor-size-default\">\u00bfQuieres darle un <i>Boost<\/i> a tu proyecto?<\/h4>\t\t\t\t<\/div>\n\t\t\t\t<\/div>\n\t\t\t\t<div class=\"elementor-element elementor-element-44568f51 elementor-widget elementor-widget-heading\" data-id=\"44568f51\" data-element_type=\"widget\" data-widget_type=\"heading.default\">\n\t\t\t\t<div class=\"elementor-widget-container\">\n\t\t\t\t\t<h2 class=\"elementor-heading-title elementor-size-default\">Cont\u00e1ctanos en nuestro email: contacto@marketingconsulting.top<\/h2>\t\t\t\t<\/div>\n\t\t\t\t<\/div>\n\t\t\t\t\t<\/div>\n\t\t<\/div>\n\t\t\t\t<div class=\"elementor-column elementor-col-50 elementor-top-column elementor-element elementor-element-3de36074\" data-id=\"3de36074\" data-element_type=\"column\">\n\t\t\t<div class=\"elementor-widget-wrap elementor-element-populated\">\n\t\t\t\t\t\t<div class=\"elementor-element elementor-element-473e2aca elementor-widget elementor-widget-image\" data-id=\"473e2aca\" data-element_type=\"widget\" data-widget_type=\"image.default\">\n\t\t\t\t<div class=\"elementor-widget-container\">\n\t\t\t\t\t\t\t\t\t\t\t\t\t\t\t<img loading=\"lazy\" decoding=\"async\" width=\"539\" height=\"539\" src=\"https:\/\/www.marketingconsulting.top\/wp-content\/uploads\/2023\/03\/CTA-Home-page-New.png\" class=\"attachment-full size-full wp-image-35\" alt=\"\" srcset=\"https:\/\/www.marketingconsulting.top\/wp-content\/uploads\/2023\/03\/CTA-Home-page-New.png 539w, https:\/\/www.marketingconsulting.top\/wp-content\/uploads\/2023\/03\/CTA-Home-page-New-300x300.png 300w, https:\/\/www.marketingconsulting.top\/wp-content\/uploads\/2023\/03\/CTA-Home-page-New-150x150.png 150w\" sizes=\"(max-width: 539px) 100vw, 539px\" \/>\t\t\t\t\t\t\t\t\t\t\t\t\t\t\t<\/div>\n\t\t\t\t<\/div>\n\t\t\t\t\t<\/div>\n\t\t<\/div>\n\t\t\t\t\t<\/div>\n\t\t<\/section>\n\t\t\t\t<\/div>\n\t\t","protected":false},"excerpt":{"rendered":"<p>MarketingConsulting Soluciones Integrales de Marketing digital Reserva un estudio de marketing de tu negocio o proyecto online y recibe el paso a paso accionable para que t\u00fa mismo puedas implementarlo de manera sencilla. \u00a1Agenda una consultor\u00eda aqu\u00ed! Optimiza tu marketing con nuestro asesoramiento Te ayudamos a impulsar tu estrategia mediante una consultor\u00eda Es sencillo: Agendas &#8230; <a title=\"Elementor #6\" class=\"read-more\" href=\"https:\/\/www.marketingconsulting.top\/\" aria-label=\"Leer m\u00e1s sobre Elementor #6\">Leer m\u00e1s<\/a><\/p>\n","protected":false},"author":1,"featured_media":0,"parent":0,"menu_order":0,"comment_status":"closed","ping_status":"closed","template":"","meta":{"footnotes":""},"class_list":["post-6","page","type-page","status-publish"],"_links":{"self":[{"href":"https:\/\/www.marketingconsulting.top\/index.php\/wp-json\/wp\/v2\/pages\/6","targetHints":{"allow":["GET"]}}],"collection":[{"href":"https:\/\/www.marketingconsulting.top\/index.php\/wp-json\/wp\/v2\/pages"}],"about":[{"href":"https:\/\/www.marketingconsulting.top\/index.php\/wp-json\/wp\/v2\/types\/page"}],"author":[{"embeddable":true,"href":"https:\/\/www.marketingconsulting.top\/index.php\/wp-json\/wp\/v2\/users\/1"}],"replies":[{"embeddable":true,"href":"https:\/\/www.marketingconsulting.top\/index.php\/wp-json\/wp\/v2\/comments?post=6"}],"version-history":[{"count":23,"href":"https:\/\/www.marketingconsulting.top\/index.php\/wp-json\/wp\/v2\/pages\/6\/revisions"}],"predecessor-version":[{"id":125,"href":"https:\/\/www.marketingconsulting.top\/index.php\/wp-json\/wp\/v2\/pages\/6\/revisions\/125"}],"wp:attachment":[{"href":"https:\/\/www.marketingconsulting.top\/index.php\/wp-json\/wp\/v2\/media?parent=6"}],"curies":[{"name":"wp","href":"https:\/\/api.w.org\/{rel}","templated":true}]}}